{"id":6308,"date":"2025-06-13T15:38:01","date_gmt":"2025-06-13T19:38:01","guid":{"rendered":"https:\/\/learningtcf.com\/?post_type=product&#038;p=6308"},"modified":"2026-04-02T10:48:17","modified_gmt":"2026-04-02T14:48:17","slug":"curso-completo-tecnico-hvac","status":"publish","type":"product","link":"https:\/\/learningtcf.com\/es\/product\/curso-completo-tecnico-hvac\/","title":{"rendered":"Curso Completo T\u00e9cnico HVAC"},"content":{"rendered":"<p>El primer curso ense\u00f1ar\u00e1 el funcionamiento de los controles el\u00e9ctricos, la interpretaci\u00f3n de diagramas y s\u00edmbolos el\u00e9ctricos y el uso de instrumentos para los procedimientos de localizaci\u00f3n de aver\u00edas el\u00e9ctricas.<\/p>\n<p>Importante: La preparaci\u00f3n para el examen EPA 608 Universal est\u00e1 incluida en el programa. Sin embargo, el examen y la licencia son administrados por un proveedor externo y no est\u00e1n incluidos en este precio. Por este motivo, cada intento de examen requiere un pago adicional, el cual se cobra al estudiante para cubrir el costo que debemos abonar al proveedor.<\/p>\n<p><img loading=\"lazy\" decoding=\"async\" class=\"aligncenter wp-image-10033 size-large\" src=\"http:\/\/learningtcf.com\/wp-content\/uploads\/2024\/11\/Certificado-LTCF-HVAC-COURSE-IMAGE-1024x724.jpg\" alt=\"\" width=\"1024\" height=\"724\" srcset=\"https:\/\/learningtcf.com\/wp-content\/uploads\/2024\/11\/Certificado-LTCF-HVAC-COURSE-IMAGE-1024x724.jpg 1024w, https:\/\/learningtcf.com\/wp-content\/uploads\/2024\/11\/Certificado-LTCF-HVAC-COURSE-IMAGE-300x212.jpg 300w, https:\/\/learningtcf.com\/wp-content\/uploads\/2024\/11\/Certificado-LTCF-HVAC-COURSE-IMAGE-768x543.jpg 768w, https:\/\/learningtcf.com\/wp-content\/uploads\/2024\/11\/Certificado-LTCF-HVAC-COURSE-IMAGE-100x71.jpg 100w, https:\/\/learningtcf.com\/wp-content\/uploads\/2024\/11\/Certificado-LTCF-HVAC-COURSE-IMAGE-1536x1086.jpg 1536w, https:\/\/learningtcf.com\/wp-content\/uploads\/2024\/11\/Certificado-LTCF-HVAC-COURSE-IMAGE-600x424.jpg 600w, https:\/\/learningtcf.com\/wp-content\/uploads\/2024\/11\/Certificado-LTCF-HVAC-COURSE-IMAGE.jpg 1755w\" sizes=\"auto, (max-width: 1024px) 100vw, 1024px\" \/><\/p>\n<p><img loading=\"lazy\" decoding=\"async\" class=\"aligncenter wp-image-10036 size-medium\" src=\"http:\/\/learningtcf.com\/wp-content\/uploads\/2025\/06\/EPA-LISENCE-300x191.jpg\" alt=\"\" width=\"300\" height=\"191\" srcset=\"https:\/\/learningtcf.com\/wp-content\/uploads\/2025\/06\/EPA-LISENCE-300x191.jpg 300w, https:\/\/learningtcf.com\/wp-content\/uploads\/2025\/06\/EPA-LISENCE-100x64.jpg 100w, https:\/\/learningtcf.com\/wp-content\/uploads\/2025\/06\/EPA-LISENCE-600x381.jpg 600w, https:\/\/learningtcf.com\/wp-content\/uploads\/2025\/06\/EPA-LISENCE.jpg 655w\" sizes=\"auto, (max-width: 300px) 100vw, 300px\" \/><\/p>\n","protected":false},"excerpt":{"rendered":"<p>El primer curso ense\u00f1ar\u00e1 el funcionamiento de los controles el\u00e9ctricos, la interpretaci\u00f3n de diagramas y s\u00edmbolos el\u00e9ctricos y el uso de instrumentos para los procedimientos de localizaci\u00f3n de aver\u00edas el\u00e9ctricas.<\/p>\n","protected":false},"featured_media":8116,"comment_status":"open","ping_status":"closed","template":"","meta":{"_uag_custom_page_level_css":"","site-sidebar-layout":"default","site-content-layout":"","ast-site-content-layout":"default","site-content-style":"default","site-sidebar-style":"default","ast-global-header-display":"","ast-banner-title-visibility":"","ast-main-header-display":"","ast-hfb-above-header-display":"","ast-hfb-below-header-display":"","ast-hfb-mobile-header-display":"","site-post-title":"","ast-breadcrumbs-content":"","ast-featured-img":"","footer-sml-layout":"","ast-disable-related-posts":"","theme-transparent-header-meta":"default","adv-header-id-meta":"","stick-header-meta":"","header-above-stick-meta":"","header-main-stick-meta":"","header-below-stick-meta":"","astra-migrate-meta-layouts":"set","ast-page-background-enabled":"default","ast-page-background-meta":{"desktop":{"background-color":"","background-image":"","background-repeat":"repeat","background-position":"center center","background-size":"auto","background-attachment":"scroll","background-type":"","background-media":"","overlay-type":"","overlay-color":"","overlay-opacity":"","overlay-gradient":""},"tablet":{"background-color":"","background-image":"","background-repeat":"repeat","background-position":"center center","background-size":"auto","background-attachment":"scroll","background-type":"","background-media":"","overlay-type":"","overlay-color":"","overlay-opacity":"","overlay-gradient":""},"mobile":{"background-color":"","background-image":"","background-repeat":"repeat","background-position":"center center","background-size":"auto","background-attachment":"scroll","background-type":"","background-media":"","overlay-type":"","overlay-color":"","overlay-opacity":"","overlay-gradient":""}},"ast-content-background-meta":{"desktop":{"background-color":"var(--ast-global-color-5)","background-image":"","background-repeat":"repeat","background-position":"center center","background-size":"auto","background-attachment":"scroll","background-type":"","background-media":"","overlay-type":"","overlay-color":"","overlay-opacity":"","overlay-gradient":""},"tablet":{"background-color":"var(--ast-global-color-5)","background-image":"","background-repeat":"repeat","background-position":"center center","background-size":"auto","background-attachment":"scroll","background-type":"","background-media":"","overlay-type":"","overlay-color":"","overlay-opacity":"","overlay-gradient":""},"mobile":{"background-color":"var(--ast-global-color-5)","background-image":"","background-repeat":"repeat","background-position":"center center","background-size":"auto","background-attachment":"scroll","background-type":"","background-media":"","overlay-type":"","overlay-color":"","overlay-opacity":"","overlay-gradient":""}}},"product_brand":[],"product_cat":[15],"product_tag":[],"class_list":{"0":"post-6308","1":"product","2":"type-product","3":"status-publish","4":"has-post-thumbnail","6":"product_cat-online-courses","7":"post","8":"desktop-align-left","9":"tablet-align-left","10":"mobile-align-left","12":"first","13":"instock","14":"downloadable","15":"virtual","16":"purchasable","17":"product-type-simple"},"yoast_head":"<!-- This site is optimized with the Yoast SEO plugin v27.4 - https:\/\/yoast.com\/product\/yoast-seo-wordpress\/ -->\n<title>Curso Completo T\u00e9cnico HVAC - Learning Trade Center of Florida<\/title>\n<meta name=\"robots\" content=\"index, follow, max-snippet:-1, max-image-preview:large, max-video-preview:-1\" \/>\n<link rel=\"canonical\" href=\"https:\/\/learningtcf.com\/es\/product\/curso-completo-tecnico-hvac\/\" \/>\n<meta property=\"og:locale\" content=\"es_ES\" \/>\n<meta property=\"og:type\" content=\"article\" \/>\n<meta property=\"og:title\" content=\"Curso Completo T\u00e9cnico HVAC - Learning Trade Center of Florida\" \/>\n<meta property=\"og:description\" content=\"El primer curso ense\u00f1ar\u00e1 el funcionamiento de los controles el\u00e9ctricos, la interpretaci\u00f3n de diagramas y s\u00edmbolos el\u00e9ctricos y el uso de instrumentos para los procedimientos de localizaci\u00f3n de aver\u00edas el\u00e9ctricas.\" \/>\n<meta property=\"og:url\" content=\"https:\/\/learningtcf.com\/es\/product\/curso-completo-tecnico-hvac\/\" \/>\n<meta property=\"og:site_name\" content=\"Learning Trade Center of Florida\" \/>\n<meta property=\"article:publisher\" content=\"https:\/\/www.facebook.com\/profile.php?id=61567326235285\" \/>\n<meta property=\"article:modified_time\" content=\"2026-04-02T14:48:17+00:00\" \/>\n<meta property=\"og:image\" content=\"https:\/\/learningtcf.com\/wp-content\/uploads\/2025\/06\/HVAC-Technician-Learning-Trade-Center-of-Florida-es-1.jpg\" \/>\n\t<meta property=\"og:image:width\" content=\"1280\" \/>\n\t<meta property=\"og:image:height\" content=\"853\" \/>\n\t<meta property=\"og:image:type\" content=\"image\/jpeg\" \/>\n<meta name=\"twitter:card\" content=\"summary_large_image\" \/>\n<meta name=\"twitter:label1\" content=\"Tiempo de lectura\" \/>\n\t<meta name=\"twitter:data1\" content=\"1 minuto\" \/>\n<script type=\"application\/ld+json\" class=\"yoast-schema-graph\">{\"@context\":\"https:\\\/\\\/schema.org\",\"@graph\":[{\"@type\":\"WebPage\",\"@id\":\"https:\\\/\\\/learningtcf.com\\\/es\\\/product\\\/curso-completo-tecnico-hvac\\\/\",\"url\":\"https:\\\/\\\/learningtcf.com\\\/es\\\/product\\\/curso-completo-tecnico-hvac\\\/\",\"name\":\"Curso Completo T\u00e9cnico HVAC - Learning Trade Center of Florida\",\"isPartOf\":{\"@id\":\"https:\\\/\\\/learningtcf.com\\\/es\\\/#website\"},\"primaryImageOfPage\":{\"@id\":\"https:\\\/\\\/learningtcf.com\\\/es\\\/product\\\/curso-completo-tecnico-hvac\\\/#primaryimage\"},\"image\":{\"@id\":\"https:\\\/\\\/learningtcf.com\\\/es\\\/product\\\/curso-completo-tecnico-hvac\\\/#primaryimage\"},\"thumbnailUrl\":\"https:\\\/\\\/learningtcf.com\\\/wp-content\\\/uploads\\\/2025\\\/06\\\/HVAC-Technician-Learning-Trade-Center-of-Florida-es-1.jpg\",\"datePublished\":\"2025-06-13T19:38:01+00:00\",\"dateModified\":\"2026-04-02T14:48:17+00:00\",\"breadcrumb\":{\"@id\":\"https:\\\/\\\/learningtcf.com\\\/es\\\/product\\\/curso-completo-tecnico-hvac\\\/#breadcrumb\"},\"inLanguage\":\"es\",\"potentialAction\":[{\"@type\":\"ReadAction\",\"target\":[\"https:\\\/\\\/learningtcf.com\\\/es\\\/product\\\/curso-completo-tecnico-hvac\\\/\"]}]},{\"@type\":\"ImageObject\",\"inLanguage\":\"es\",\"@id\":\"https:\\\/\\\/learningtcf.com\\\/es\\\/product\\\/curso-completo-tecnico-hvac\\\/#primaryimage\",\"url\":\"https:\\\/\\\/learningtcf.com\\\/wp-content\\\/uploads\\\/2025\\\/06\\\/HVAC-Technician-Learning-Trade-Center-of-Florida-es-1.jpg\",\"contentUrl\":\"https:\\\/\\\/learningtcf.com\\\/wp-content\\\/uploads\\\/2025\\\/06\\\/HVAC-Technician-Learning-Trade-Center-of-Florida-es-1.jpg\",\"width\":1280,\"height\":853,\"caption\":\"Curso Completo T\u00e9cnico HVAC Learning Trade Center of Florida\"},{\"@type\":\"BreadcrumbList\",\"@id\":\"https:\\\/\\\/learningtcf.com\\\/es\\\/product\\\/curso-completo-tecnico-hvac\\\/#breadcrumb\",\"itemListElement\":[{\"@type\":\"ListItem\",\"position\":1,\"name\":\"Home\",\"item\":\"https:\\\/\\\/learningtcf.com\\\/es\\\/\"},{\"@type\":\"ListItem\",\"position\":2,\"name\":\"Tienda\",\"item\":\"https:\\\/\\\/learningtcf.com\\\/es\\\/tienda\\\/\"},{\"@type\":\"ListItem\",\"position\":3,\"name\":\"Curso Completo T\u00e9cnico HVAC\"}]},{\"@type\":\"WebSite\",\"@id\":\"https:\\\/\\\/learningtcf.com\\\/es\\\/#website\",\"url\":\"https:\\\/\\\/learningtcf.com\\\/es\\\/\",\"name\":\"Learning Trade Center of Florida\",\"description\":\"\",\"publisher\":{\"@id\":\"https:\\\/\\\/learningtcf.com\\\/es\\\/#organization\"},\"potentialAction\":[{\"@type\":\"SearchAction\",\"target\":{\"@type\":\"EntryPoint\",\"urlTemplate\":\"https:\\\/\\\/learningtcf.com\\\/es\\\/?s={search_term_string}\"},\"query-input\":{\"@type\":\"PropertyValueSpecification\",\"valueRequired\":true,\"valueName\":\"search_term_string\"}}],\"inLanguage\":\"es\"},{\"@type\":\"Organization\",\"@id\":\"https:\\\/\\\/learningtcf.com\\\/es\\\/#organization\",\"name\":\"Learning Trade Center of Florida\",\"url\":\"https:\\\/\\\/learningtcf.com\\\/es\\\/\",\"logo\":{\"@type\":\"ImageObject\",\"inLanguage\":\"es\",\"@id\":\"https:\\\/\\\/learningtcf.com\\\/es\\\/#\\\/schema\\\/logo\\\/image\\\/\",\"url\":\"https:\\\/\\\/learningtcf.com\\\/wp-content\\\/uploads\\\/2024\\\/08\\\/Logo-extra-small-PNG.png\",\"contentUrl\":\"https:\\\/\\\/learningtcf.com\\\/wp-content\\\/uploads\\\/2024\\\/08\\\/Logo-extra-small-PNG.png\",\"width\":90,\"height\":105,\"caption\":\"Learning Trade Center of Florida\"},\"image\":{\"@id\":\"https:\\\/\\\/learningtcf.com\\\/es\\\/#\\\/schema\\\/logo\\\/image\\\/\"},\"sameAs\":[\"https:\\\/\\\/www.facebook.com\\\/profile.php?id=61567326235285\",\"https:\\\/\\\/www.instagram.com\\\/learningtcflorida\\\/\"]}]}<\/script>\n<!-- \/ Yoast SEO plugin. -->","yoast_head_json":{"title":"Curso Completo T\u00e9cnico HVAC - Learning Trade Center of Florida","robots":{"index":"index","follow":"follow","max-snippet":"max-snippet:-1","max-image-preview":"max-image-preview:large","max-video-preview":"max-video-preview:-1"},"canonical":"https:\/\/learningtcf.com\/es\/product\/curso-completo-tecnico-hvac\/","og_locale":"es_ES","og_type":"article","og_title":"Curso Completo T\u00e9cnico HVAC - Learning Trade Center of Florida","og_description":"El primer curso ense\u00f1ar\u00e1 el funcionamiento de los controles el\u00e9ctricos, la interpretaci\u00f3n de diagramas y s\u00edmbolos el\u00e9ctricos y el uso de instrumentos para los procedimientos de localizaci\u00f3n de aver\u00edas el\u00e9ctricas.","og_url":"https:\/\/learningtcf.com\/es\/product\/curso-completo-tecnico-hvac\/","og_site_name":"Learning Trade Center of Florida","article_publisher":"https:\/\/www.facebook.com\/profile.php?id=61567326235285","article_modified_time":"2026-04-02T14:48:17+00:00","og_image":[{"width":1280,"height":853,"url":"https:\/\/learningtcf.com\/wp-content\/uploads\/2025\/06\/HVAC-Technician-Learning-Trade-Center-of-Florida-es-1.jpg","type":"image\/jpeg"}],"twitter_card":"summary_large_image","twitter_misc":{"Tiempo de lectura":"1 minuto"},"schema":{"@context":"https:\/\/schema.org","@graph":[{"@type":"WebPage","@id":"https:\/\/learningtcf.com\/es\/product\/curso-completo-tecnico-hvac\/","url":"https:\/\/learningtcf.com\/es\/product\/curso-completo-tecnico-hvac\/","name":"Curso Completo T\u00e9cnico HVAC - Learning Trade Center of Florida","isPartOf":{"@id":"https:\/\/learningtcf.com\/es\/#website"},"primaryImageOfPage":{"@id":"https:\/\/learningtcf.com\/es\/product\/curso-completo-tecnico-hvac\/#primaryimage"},"image":{"@id":"https:\/\/learningtcf.com\/es\/product\/curso-completo-tecnico-hvac\/#primaryimage"},"thumbnailUrl":"https:\/\/learningtcf.com\/wp-content\/uploads\/2025\/06\/HVAC-Technician-Learning-Trade-Center-of-Florida-es-1.jpg","datePublished":"2025-06-13T19:38:01+00:00","dateModified":"2026-04-02T14:48:17+00:00","breadcrumb":{"@id":"https:\/\/learningtcf.com\/es\/product\/curso-completo-tecnico-hvac\/#breadcrumb"},"inLanguage":"es","potentialAction":[{"@type":"ReadAction","target":["https:\/\/learningtcf.com\/es\/product\/curso-completo-tecnico-hvac\/"]}]},{"@type":"ImageObject","inLanguage":"es","@id":"https:\/\/learningtcf.com\/es\/product\/curso-completo-tecnico-hvac\/#primaryimage","url":"https:\/\/learningtcf.com\/wp-content\/uploads\/2025\/06\/HVAC-Technician-Learning-Trade-Center-of-Florida-es-1.jpg","contentUrl":"https:\/\/learningtcf.com\/wp-content\/uploads\/2025\/06\/HVAC-Technician-Learning-Trade-Center-of-Florida-es-1.jpg","width":1280,"height":853,"caption":"Curso Completo T\u00e9cnico HVAC Learning Trade Center of Florida"},{"@type":"BreadcrumbList","@id":"https:\/\/learningtcf.com\/es\/product\/curso-completo-tecnico-hvac\/#breadcrumb","itemListElement":[{"@type":"ListItem","position":1,"name":"Home","item":"https:\/\/learningtcf.com\/es\/"},{"@type":"ListItem","position":2,"name":"Tienda","item":"https:\/\/learningtcf.com\/es\/tienda\/"},{"@type":"ListItem","position":3,"name":"Curso Completo T\u00e9cnico HVAC"}]},{"@type":"WebSite","@id":"https:\/\/learningtcf.com\/es\/#website","url":"https:\/\/learningtcf.com\/es\/","name":"Learning Trade Center of Florida","description":"","publisher":{"@id":"https:\/\/learningtcf.com\/es\/#organization"},"potentialAction":[{"@type":"SearchAction","target":{"@type":"EntryPoint","urlTemplate":"https:\/\/learningtcf.com\/es\/?s={search_term_string}"},"query-input":{"@type":"PropertyValueSpecification","valueRequired":true,"valueName":"search_term_string"}}],"inLanguage":"es"},{"@type":"Organization","@id":"https:\/\/learningtcf.com\/es\/#organization","name":"Learning Trade Center of Florida","url":"https:\/\/learningtcf.com\/es\/","logo":{"@type":"ImageObject","inLanguage":"es","@id":"https:\/\/learningtcf.com\/es\/#\/schema\/logo\/image\/","url":"https:\/\/learningtcf.com\/wp-content\/uploads\/2024\/08\/Logo-extra-small-PNG.png","contentUrl":"https:\/\/learningtcf.com\/wp-content\/uploads\/2024\/08\/Logo-extra-small-PNG.png","width":90,"height":105,"caption":"Learning Trade Center of Florida"},"image":{"@id":"https:\/\/learningtcf.com\/es\/#\/schema\/logo\/image\/"},"sameAs":["https:\/\/www.facebook.com\/profile.php?id=61567326235285","https:\/\/www.instagram.com\/learningtcflorida\/"]}]}},"uagb_featured_image_src":{"full":["https:\/\/learningtcf.com\/wp-content\/uploads\/2025\/06\/HVAC-Technician-Learning-Trade-Center-of-Florida-es-1.jpg",1280,853,false],"thumbnail":["https:\/\/learningtcf.com\/wp-content\/uploads\/2025\/06\/HVAC-Technician-Learning-Trade-Center-of-Florida-es-1-150x150.jpg",150,150,true],"medium":["https:\/\/learningtcf.com\/wp-content\/uploads\/2025\/06\/HVAC-Technician-Learning-Trade-Center-of-Florida-es-1-300x200.jpg",300,200,true],"medium_large":["https:\/\/learningtcf.com\/wp-content\/uploads\/2025\/06\/HVAC-Technician-Learning-Trade-Center-of-Florida-es-1-768x512.jpg",768,512,true],"large":["https:\/\/learningtcf.com\/wp-content\/uploads\/2025\/06\/HVAC-Technician-Learning-Trade-Center-of-Florida-es-1-1024x682.jpg",1024,682,true],"course_archive_thumbnail":["https:\/\/learningtcf.com\/wp-content\/uploads\/2025\/06\/HVAC-Technician-Learning-Trade-Center-of-Florida-es-1-300x200.jpg",300,200,true],"course_single_thumbnail":["https:\/\/learningtcf.com\/wp-content\/uploads\/2025\/06\/HVAC-Technician-Learning-Trade-Center-of-Florida-es-1-300x200.jpg",300,200,true],"lesson_archive_thumbnail":["https:\/\/learningtcf.com\/wp-content\/uploads\/2025\/06\/HVAC-Technician-Learning-Trade-Center-of-Florida-es-1-100x67.jpg",100,67,true],"lesson_single_thumbnail":["https:\/\/learningtcf.com\/wp-content\/uploads\/2025\/06\/HVAC-Technician-Learning-Trade-Center-of-Florida-es-1-100x67.jpg",100,67,true],"1536x1536":["https:\/\/learningtcf.com\/wp-content\/uploads\/2025\/06\/HVAC-Technician-Learning-Trade-Center-of-Florida-es-1.jpg",1280,853,false],"2048x2048":["https:\/\/learningtcf.com\/wp-content\/uploads\/2025\/06\/HVAC-Technician-Learning-Trade-Center-of-Florida-es-1.jpg",1280,853,false],"woocommerce_thumbnail":["https:\/\/learningtcf.com\/wp-content\/uploads\/2025\/06\/HVAC-Technician-Learning-Trade-Center-of-Florida-es-1-300x300.jpg",300,300,true],"woocommerce_single":["https:\/\/learningtcf.com\/wp-content\/uploads\/2025\/06\/HVAC-Technician-Learning-Trade-Center-of-Florida-es-1-600x400.jpg",600,400,true],"woocommerce_gallery_thumbnail":["https:\/\/learningtcf.com\/wp-content\/uploads\/2025\/06\/HVAC-Technician-Learning-Trade-Center-of-Florida-es-1-100x100.jpg",100,100,true]},"uagb_author_info":{"display_name":"masterbip","author_link":"https:\/\/learningtcf.com\/es\/author\/"},"uagb_comment_info":0,"uagb_excerpt":"El primer curso ense\u00f1ar\u00e1 el funcionamiento de los controles el\u00e9ctricos, la interpretaci\u00f3n de diagramas y s\u00edmbolos el\u00e9ctricos y el uso de instrumentos para los procedimientos de localizaci\u00f3n de aver\u00edas el\u00e9ctricas.","_links":{"self":[{"href":"https:\/\/learningtcf.com\/es\/wp-json\/wp\/v2\/product\/6308","targetHints":{"allow":["GET"]}}],"collection":[{"href":"https:\/\/learningtcf.com\/es\/wp-json\/wp\/v2\/product"}],"about":[{"href":"https:\/\/learningtcf.com\/es\/wp-json\/wp\/v2\/types\/product"}],"replies":[{"embeddable":true,"href":"https:\/\/learningtcf.com\/es\/wp-json\/wp\/v2\/comments?post=6308"}],"wp:featuredmedia":[{"embeddable":true,"href":"https:\/\/learningtcf.com\/es\/wp-json\/wp\/v2\/media\/8116"}],"wp:attachment":[{"href":"https:\/\/learningtcf.com\/es\/wp-json\/wp\/v2\/media?parent=6308"}],"wp:term":[{"taxonomy":"product_brand","embeddable":true,"href":"https:\/\/learningtcf.com\/es\/wp-json\/wp\/v2\/product_brand?post=6308"},{"taxonomy":"product_cat","embeddable":true,"href":"https:\/\/learningtcf.com\/es\/wp-json\/wp\/v2\/product_cat?post=6308"},{"taxonomy":"product_tag","embeddable":true,"href":"https:\/\/learningtcf.com\/es\/wp-json\/wp\/v2\/product_tag?post=6308"}],"curies":[{"name":"wp","href":"https:\/\/api.w.org\/{rel}","templated":true}]}}