{"id":16426,"date":"2026-04-17T07:01:47","date_gmt":"2026-04-17T11:01:47","guid":{"rendered":"https:\/\/learningtcf.com\/?post_type=product&#038;p=16426"},"modified":"2026-04-17T07:07:42","modified_gmt":"2026-04-17T11:07:42","slug":"true-esl-english-as-a-second-language-program","status":"publish","type":"product","link":"https:\/\/learningtcf.com\/es\/product\/true-esl-english-as-a-second-language-program\/","title":{"rendered":"True ESL \u2013 English as a Second Language Program"},"content":{"rendered":"<p>El programa<em><strong> True ESL<\/strong><\/em> est\u00e1 enfocado en que hables, entiendas y uses el ingl\u00e9s en la vida real desde el primer d\u00eda.<\/p>\n<h2>\u00bfQu\u00e9 hace superior a True ESL?<\/h2>\n<p>Aprendes ingl\u00e9s para usarlo de verdad, no solo para estudiarlo. Olv\u00eddate de la teor\u00eda innecesaria y enf\u00f3cate \u00fanicamente en lo que necesitas para comunicarte en la vida real.<\/p>\n<p>Est\u00e1 dise\u00f1ado espec\u00edficamente para latinos en Estados Unidos y Sudam\u00e9rica, con situaciones reales de trabajo, clientes, llamadas y vida diaria.<\/p>\n<p>Utiliza un m\u00e9todo directo y pr\u00e1ctico, donde desde el primer d\u00eda trabajas con frases reales y conversaciones \u00fatiles.<\/p>\n<p>Adem\u00e1s, estudias sin horarios ni presi\u00f3n, avanzando a tu propio ritmo sin depender de clases en vivo.<\/p>\n<p>Todo con acceso 24\/7 desde cualquier dispositivo, para que puedas aprender cuando quieras, desde tu celular o computadora.<\/p>\n<h3>Incluye:<\/h3>\n<ul>\n<li>Ingl\u00e9s desde nivel b\u00e1sico hasta intermedio<\/li>\n<li>Gram\u00e1tica simplificada y \u00fatil<\/li>\n<li>Vocabulario pr\u00e1ctico para trabajo y vida diaria<\/li>\n<li>Pronunciaci\u00f3n clara<\/li>\n<li>Comprensi\u00f3n auditiva real<\/li>\n<li>Conversaciones comunes en Estados Unidos y entornos internacionales<\/li>\n<\/ul>\n<p><strong>100% online, acceso 24\/7, sin horarios y sin l\u00edmite de tiempo.<\/strong><\/p>\n","protected":false},"excerpt":{"rendered":"<p>ESL = aprender ingl\u00e9s para usarlo de verdad, no solo para estudiarlo. True ESL est\u00e1 dise\u00f1ado para que puedas comunicarte en situaciones reales en Estados Unidos y Sudam\u00e9rica, con un m\u00e9todo pr\u00e1ctico, directo y sin p\u00e9rdida de tiempo.<\/p>\n","protected":false},"featured_media":16427,"comment_status":"open","ping_status":"closed","template":"","meta":{"_uag_custom_page_level_css":"","site-sidebar-layout":"default","site-content-layout":"","ast-site-content-layout":"default","site-content-style":"default","site-sidebar-style":"default","ast-global-header-display":"","ast-banner-title-visibility":"","ast-main-header-display":"","ast-hfb-above-header-display":"","ast-hfb-below-header-display":"","ast-hfb-mobile-header-display":"","site-post-title":"","ast-breadcrumbs-content":"","ast-featured-img":"","footer-sml-layout":"","ast-disable-related-posts":"","theme-transparent-header-meta":"default","adv-header-id-meta":"","stick-header-meta":"","header-above-stick-meta":"","header-main-stick-meta":"","header-below-stick-meta":"","astra-migrate-meta-layouts":"set","ast-page-background-enabled":"default","ast-page-background-meta":{"desktop":{"background-color":"","background-image":"","background-repeat":"repeat","background-position":"center center","background-size":"auto","background-attachment":"scroll","background-type":"","background-media":"","overlay-type":"","overlay-color":"","overlay-opacity":"","overlay-gradient":""},"tablet":{"background-color":"","background-image":"","background-repeat":"repeat","background-position":"center center","background-size":"auto","background-attachment":"scroll","background-type":"","background-media":"","overlay-type":"","overlay-color":"","overlay-opacity":"","overlay-gradient":""},"mobile":{"background-color":"","background-image":"","background-repeat":"repeat","background-position":"center center","background-size":"auto","background-attachment":"scroll","background-type":"","background-media":"","overlay-type":"","overlay-color":"","overlay-opacity":"","overlay-gradient":""}},"ast-content-background-meta":{"desktop":{"background-color":"var(--ast-global-color-5)","background-image":"","background-repeat":"repeat","background-position":"center center","background-size":"auto","background-attachment":"scroll","background-type":"","background-media":"","overlay-type":"","overlay-color":"","overlay-opacity":"","overlay-gradient":""},"tablet":{"background-color":"var(--ast-global-color-5)","background-image":"","background-repeat":"repeat","background-position":"center center","background-size":"auto","background-attachment":"scroll","background-type":"","background-media":"","overlay-type":"","overlay-color":"","overlay-opacity":"","overlay-gradient":""},"mobile":{"background-color":"var(--ast-global-color-5)","background-image":"","background-repeat":"repeat","background-position":"center center","background-size":"auto","background-attachment":"scroll","background-type":"","background-media":"","overlay-type":"","overlay-color":"","overlay-opacity":"","overlay-gradient":""}}},"product_brand":[],"product_cat":[15],"product_tag":[],"class_list":{"0":"post-16426","1":"product","2":"type-product","3":"status-publish","4":"has-post-thumbnail","6":"product_cat-online-courses","7":"post","8":"desktop-align-left","9":"tablet-align-left","10":"mobile-align-left","12":"first","13":"instock","14":"downloadable","15":"virtual","16":"purchasable","17":"product-type-simple"},"yoast_head":"<!-- This site is optimized with the Yoast SEO plugin v27.4 - https:\/\/yoast.com\/product\/yoast-seo-wordpress\/ -->\n<title>True ESL \u2013 English as a Second Language Program - Learning Trade Center of Florida<\/title>\n<meta name=\"robots\" content=\"index, follow, max-snippet:-1, max-image-preview:large, max-video-preview:-1\" \/>\n<link rel=\"canonical\" href=\"https:\/\/learningtcf.com\/es\/product\/true-esl-english-as-a-second-language-program\/\" \/>\n<meta property=\"og:locale\" content=\"es_ES\" \/>\n<meta property=\"og:type\" content=\"article\" \/>\n<meta property=\"og:title\" content=\"True ESL \u2013 English as a Second Language Program - Learning Trade Center of Florida\" \/>\n<meta property=\"og:description\" content=\"ESL = aprender ingl\u00e9s para usarlo de verdad, no solo para estudiarlo. True ESL est\u00e1 dise\u00f1ado para que puedas comunicarte en situaciones reales en Estados Unidos y Sudam\u00e9rica, con un m\u00e9todo pr\u00e1ctico, directo y sin p\u00e9rdida de tiempo.\" \/>\n<meta property=\"og:url\" content=\"https:\/\/learningtcf.com\/es\/product\/true-esl-english-as-a-second-language-program\/\" \/>\n<meta property=\"og:site_name\" content=\"Learning Trade Center of Florida\" \/>\n<meta property=\"article:publisher\" content=\"https:\/\/www.facebook.com\/profile.php?id=61567326235285\" \/>\n<meta property=\"article:modified_time\" content=\"2026-04-17T11:07:42+00:00\" \/>\n<meta property=\"og:image\" content=\"https:\/\/learningtcf.com\/wp-content\/uploads\/2026\/04\/TRUE-ESL.jpg.jpeg\" \/>\n\t<meta property=\"og:image:width\" content=\"1280\" \/>\n\t<meta property=\"og:image:height\" content=\"853\" \/>\n\t<meta property=\"og:image:type\" content=\"image\/jpeg\" \/>\n<meta name=\"twitter:card\" content=\"summary_large_image\" \/>\n<meta name=\"twitter:label1\" content=\"Tiempo de lectura\" \/>\n\t<meta name=\"twitter:data1\" content=\"1 minuto\" \/>\n<script type=\"application\/ld+json\" class=\"yoast-schema-graph\">{\"@context\":\"https:\\\/\\\/schema.org\",\"@graph\":[{\"@type\":\"WebPage\",\"@id\":\"https:\\\/\\\/learningtcf.com\\\/es\\\/product\\\/true-esl-english-as-a-second-language-program\\\/\",\"url\":\"https:\\\/\\\/learningtcf.com\\\/es\\\/product\\\/true-esl-english-as-a-second-language-program\\\/\",\"name\":\"True ESL \u2013 English as a Second Language Program - Learning Trade Center of Florida\",\"isPartOf\":{\"@id\":\"https:\\\/\\\/learningtcf.com\\\/es\\\/#website\"},\"primaryImageOfPage\":{\"@id\":\"https:\\\/\\\/learningtcf.com\\\/es\\\/product\\\/true-esl-english-as-a-second-language-program\\\/#primaryimage\"},\"image\":{\"@id\":\"https:\\\/\\\/learningtcf.com\\\/es\\\/product\\\/true-esl-english-as-a-second-language-program\\\/#primaryimage\"},\"thumbnailUrl\":\"https:\\\/\\\/learningtcf.com\\\/wp-content\\\/uploads\\\/2026\\\/04\\\/TRUE-ESL.jpg.jpeg\",\"datePublished\":\"2026-04-17T11:01:47+00:00\",\"dateModified\":\"2026-04-17T11:07:42+00:00\",\"breadcrumb\":{\"@id\":\"https:\\\/\\\/learningtcf.com\\\/es\\\/product\\\/true-esl-english-as-a-second-language-program\\\/#breadcrumb\"},\"inLanguage\":\"es\",\"potentialAction\":[{\"@type\":\"ReadAction\",\"target\":[\"https:\\\/\\\/learningtcf.com\\\/es\\\/product\\\/true-esl-english-as-a-second-language-program\\\/\"]}]},{\"@type\":\"ImageObject\",\"inLanguage\":\"es\",\"@id\":\"https:\\\/\\\/learningtcf.com\\\/es\\\/product\\\/true-esl-english-as-a-second-language-program\\\/#primaryimage\",\"url\":\"https:\\\/\\\/learningtcf.com\\\/wp-content\\\/uploads\\\/2026\\\/04\\\/TRUE-ESL.jpg.jpeg\",\"contentUrl\":\"https:\\\/\\\/learningtcf.com\\\/wp-content\\\/uploads\\\/2026\\\/04\\\/TRUE-ESL.jpg.jpeg\",\"width\":1280,\"height\":853},{\"@type\":\"BreadcrumbList\",\"@id\":\"https:\\\/\\\/learningtcf.com\\\/es\\\/product\\\/true-esl-english-as-a-second-language-program\\\/#breadcrumb\",\"itemListElement\":[{\"@type\":\"ListItem\",\"position\":1,\"name\":\"Home\",\"item\":\"https:\\\/\\\/learningtcf.com\\\/es\\\/\"},{\"@type\":\"ListItem\",\"position\":2,\"name\":\"Tienda\",\"item\":\"https:\\\/\\\/learningtcf.com\\\/es\\\/tienda\\\/\"},{\"@type\":\"ListItem\",\"position\":3,\"name\":\"True ESL \u2013 English as a Second Language Program\"}]},{\"@type\":\"WebSite\",\"@id\":\"https:\\\/\\\/learningtcf.com\\\/es\\\/#website\",\"url\":\"https:\\\/\\\/learningtcf.com\\\/es\\\/\",\"name\":\"Learning Trade Center of Florida\",\"description\":\"\",\"publisher\":{\"@id\":\"https:\\\/\\\/learningtcf.com\\\/es\\\/#organization\"},\"potentialAction\":[{\"@type\":\"SearchAction\",\"target\":{\"@type\":\"EntryPoint\",\"urlTemplate\":\"https:\\\/\\\/learningtcf.com\\\/es\\\/?s={search_term_string}\"},\"query-input\":{\"@type\":\"PropertyValueSpecification\",\"valueRequired\":true,\"valueName\":\"search_term_string\"}}],\"inLanguage\":\"es\"},{\"@type\":\"Organization\",\"@id\":\"https:\\\/\\\/learningtcf.com\\\/es\\\/#organization\",\"name\":\"Learning Trade Center of Florida\",\"url\":\"https:\\\/\\\/learningtcf.com\\\/es\\\/\",\"logo\":{\"@type\":\"ImageObject\",\"inLanguage\":\"es\",\"@id\":\"https:\\\/\\\/learningtcf.com\\\/es\\\/#\\\/schema\\\/logo\\\/image\\\/\",\"url\":\"https:\\\/\\\/learningtcf.com\\\/wp-content\\\/uploads\\\/2024\\\/08\\\/Logo-extra-small-PNG.png\",\"contentUrl\":\"https:\\\/\\\/learningtcf.com\\\/wp-content\\\/uploads\\\/2024\\\/08\\\/Logo-extra-small-PNG.png\",\"width\":90,\"height\":105,\"caption\":\"Learning Trade Center of Florida\"},\"image\":{\"@id\":\"https:\\\/\\\/learningtcf.com\\\/es\\\/#\\\/schema\\\/logo\\\/image\\\/\"},\"sameAs\":[\"https:\\\/\\\/www.facebook.com\\\/profile.php?id=61567326235285\",\"https:\\\/\\\/www.instagram.com\\\/learningtcflorida\\\/\"]}]}<\/script>\n<!-- \/ Yoast SEO plugin. -->","yoast_head_json":{"title":"True ESL \u2013 English as a Second Language Program - Learning Trade Center of Florida","robots":{"index":"index","follow":"follow","max-snippet":"max-snippet:-1","max-image-preview":"max-image-preview:large","max-video-preview":"max-video-preview:-1"},"canonical":"https:\/\/learningtcf.com\/es\/product\/true-esl-english-as-a-second-language-program\/","og_locale":"es_ES","og_type":"article","og_title":"True ESL \u2013 English as a Second Language Program - Learning Trade Center of Florida","og_description":"ESL = aprender ingl\u00e9s para usarlo de verdad, no solo para estudiarlo. True ESL est\u00e1 dise\u00f1ado para que puedas comunicarte en situaciones reales en Estados Unidos y Sudam\u00e9rica, con un m\u00e9todo pr\u00e1ctico, directo y sin p\u00e9rdida de tiempo.","og_url":"https:\/\/learningtcf.com\/es\/product\/true-esl-english-as-a-second-language-program\/","og_site_name":"Learning Trade Center of Florida","article_publisher":"https:\/\/www.facebook.com\/profile.php?id=61567326235285","article_modified_time":"2026-04-17T11:07:42+00:00","og_image":[{"width":1280,"height":853,"url":"https:\/\/learningtcf.com\/wp-content\/uploads\/2026\/04\/TRUE-ESL.jpg.jpeg","type":"image\/jpeg"}],"twitter_card":"summary_large_image","twitter_misc":{"Tiempo de lectura":"1 minuto"},"schema":{"@context":"https:\/\/schema.org","@graph":[{"@type":"WebPage","@id":"https:\/\/learningtcf.com\/es\/product\/true-esl-english-as-a-second-language-program\/","url":"https:\/\/learningtcf.com\/es\/product\/true-esl-english-as-a-second-language-program\/","name":"True ESL \u2013 English as a Second Language Program - Learning Trade Center of Florida","isPartOf":{"@id":"https:\/\/learningtcf.com\/es\/#website"},"primaryImageOfPage":{"@id":"https:\/\/learningtcf.com\/es\/product\/true-esl-english-as-a-second-language-program\/#primaryimage"},"image":{"@id":"https:\/\/learningtcf.com\/es\/product\/true-esl-english-as-a-second-language-program\/#primaryimage"},"thumbnailUrl":"https:\/\/learningtcf.com\/wp-content\/uploads\/2026\/04\/TRUE-ESL.jpg.jpeg","datePublished":"2026-04-17T11:01:47+00:00","dateModified":"2026-04-17T11:07:42+00:00","breadcrumb":{"@id":"https:\/\/learningtcf.com\/es\/product\/true-esl-english-as-a-second-language-program\/#breadcrumb"},"inLanguage":"es","potentialAction":[{"@type":"ReadAction","target":["https:\/\/learningtcf.com\/es\/product\/true-esl-english-as-a-second-language-program\/"]}]},{"@type":"ImageObject","inLanguage":"es","@id":"https:\/\/learningtcf.com\/es\/product\/true-esl-english-as-a-second-language-program\/#primaryimage","url":"https:\/\/learningtcf.com\/wp-content\/uploads\/2026\/04\/TRUE-ESL.jpg.jpeg","contentUrl":"https:\/\/learningtcf.com\/wp-content\/uploads\/2026\/04\/TRUE-ESL.jpg.jpeg","width":1280,"height":853},{"@type":"BreadcrumbList","@id":"https:\/\/learningtcf.com\/es\/product\/true-esl-english-as-a-second-language-program\/#breadcrumb","itemListElement":[{"@type":"ListItem","position":1,"name":"Home","item":"https:\/\/learningtcf.com\/es\/"},{"@type":"ListItem","position":2,"name":"Tienda","item":"https:\/\/learningtcf.com\/es\/tienda\/"},{"@type":"ListItem","position":3,"name":"True ESL \u2013 English as a Second Language Program"}]},{"@type":"WebSite","@id":"https:\/\/learningtcf.com\/es\/#website","url":"https:\/\/learningtcf.com\/es\/","name":"Learning Trade Center of Florida","description":"","publisher":{"@id":"https:\/\/learningtcf.com\/es\/#organization"},"potentialAction":[{"@type":"SearchAction","target":{"@type":"EntryPoint","urlTemplate":"https:\/\/learningtcf.com\/es\/?s={search_term_string}"},"query-input":{"@type":"PropertyValueSpecification","valueRequired":true,"valueName":"search_term_string"}}],"inLanguage":"es"},{"@type":"Organization","@id":"https:\/\/learningtcf.com\/es\/#organization","name":"Learning Trade Center of Florida","url":"https:\/\/learningtcf.com\/es\/","logo":{"@type":"ImageObject","inLanguage":"es","@id":"https:\/\/learningtcf.com\/es\/#\/schema\/logo\/image\/","url":"https:\/\/learningtcf.com\/wp-content\/uploads\/2024\/08\/Logo-extra-small-PNG.png","contentUrl":"https:\/\/learningtcf.com\/wp-content\/uploads\/2024\/08\/Logo-extra-small-PNG.png","width":90,"height":105,"caption":"Learning Trade Center of Florida"},"image":{"@id":"https:\/\/learningtcf.com\/es\/#\/schema\/logo\/image\/"},"sameAs":["https:\/\/www.facebook.com\/profile.php?id=61567326235285","https:\/\/www.instagram.com\/learningtcflorida\/"]}]}},"uagb_featured_image_src":{"full":["https:\/\/learningtcf.com\/wp-content\/uploads\/2026\/04\/TRUE-ESL.jpg.jpeg",1280,853,false],"thumbnail":["https:\/\/learningtcf.com\/wp-content\/uploads\/2026\/04\/TRUE-ESL.jpg-150x150.jpeg",150,150,true],"medium":["https:\/\/learningtcf.com\/wp-content\/uploads\/2026\/04\/TRUE-ESL.jpg-300x200.jpeg",300,200,true],"medium_large":["https:\/\/learningtcf.com\/wp-content\/uploads\/2026\/04\/TRUE-ESL.jpg-768x512.jpeg",768,512,true],"large":["https:\/\/learningtcf.com\/wp-content\/uploads\/2026\/04\/TRUE-ESL.jpg-1024x682.jpeg",1024,682,true],"course_archive_thumbnail":["https:\/\/learningtcf.com\/wp-content\/uploads\/2026\/04\/TRUE-ESL.jpg-300x200.jpeg",300,200,true],"course_single_thumbnail":["https:\/\/learningtcf.com\/wp-content\/uploads\/2026\/04\/TRUE-ESL.jpg-300x200.jpeg",300,200,true],"lesson_archive_thumbnail":["https:\/\/learningtcf.com\/wp-content\/uploads\/2026\/04\/TRUE-ESL.jpg-100x67.jpeg",100,67,true],"lesson_single_thumbnail":["https:\/\/learningtcf.com\/wp-content\/uploads\/2026\/04\/TRUE-ESL.jpg-100x67.jpeg",100,67,true],"1536x1536":["https:\/\/learningtcf.com\/wp-content\/uploads\/2026\/04\/TRUE-ESL.jpg.jpeg",1280,853,false],"2048x2048":["https:\/\/learningtcf.com\/wp-content\/uploads\/2026\/04\/TRUE-ESL.jpg.jpeg",1280,853,false],"woocommerce_thumbnail":["https:\/\/learningtcf.com\/wp-content\/uploads\/2026\/04\/TRUE-ESL.jpg-300x300.jpeg",300,300,true],"woocommerce_single":["https:\/\/learningtcf.com\/wp-content\/uploads\/2026\/04\/TRUE-ESL.jpg-600x400.jpeg",600,400,true],"woocommerce_gallery_thumbnail":["https:\/\/learningtcf.com\/wp-content\/uploads\/2026\/04\/TRUE-ESL.jpg-100x100.jpeg",100,100,true]},"uagb_author_info":{"display_name":"masterbip","author_link":"https:\/\/learningtcf.com\/es\/author\/"},"uagb_comment_info":0,"uagb_excerpt":"ESL = aprender ingl\u00e9s para usarlo de verdad, no solo para estudiarlo. True ESL est\u00e1 dise\u00f1ado para que puedas comunicarte en situaciones reales en Estados Unidos y Sudam\u00e9rica, con un m\u00e9todo pr\u00e1ctico, directo y sin p\u00e9rdida de tiempo.","_links":{"self":[{"href":"https:\/\/learningtcf.com\/es\/wp-json\/wp\/v2\/product\/16426","targetHints":{"allow":["GET"]}}],"collection":[{"href":"https:\/\/learningtcf.com\/es\/wp-json\/wp\/v2\/product"}],"about":[{"href":"https:\/\/learningtcf.com\/es\/wp-json\/wp\/v2\/types\/product"}],"replies":[{"embeddable":true,"href":"https:\/\/learningtcf.com\/es\/wp-json\/wp\/v2\/comments?post=16426"}],"wp:featuredmedia":[{"embeddable":true,"href":"https:\/\/learningtcf.com\/es\/wp-json\/wp\/v2\/media\/16427"}],"wp:attachment":[{"href":"https:\/\/learningtcf.com\/es\/wp-json\/wp\/v2\/media?parent=16426"}],"wp:term":[{"taxonomy":"product_brand","embeddable":true,"href":"https:\/\/learningtcf.com\/es\/wp-json\/wp\/v2\/product_brand?post=16426"},{"taxonomy":"product_cat","embeddable":true,"href":"https:\/\/learningtcf.com\/es\/wp-json\/wp\/v2\/product_cat?post=16426"},{"taxonomy":"product_tag","embeddable":true,"href":"https:\/\/learningtcf.com\/es\/wp-json\/wp\/v2\/product_tag?post=16426"}],"curies":[{"name":"wp","href":"https:\/\/api.w.org\/{rel}","templated":true}]}}