{"id":10580,"date":"2025-11-04T06:41:35","date_gmt":"2025-11-04T11:41:35","guid":{"rendered":"https:\/\/learningtcf.com\/certifications-from-learning-trade-center-of-florida\/"},"modified":"2025-11-04T07:02:19","modified_gmt":"2025-11-04T12:02:19","slug":"certificaciones-de-learning-trade-center-of-florida","status":"publish","type":"page","link":"https:\/\/learningtcf.com\/es\/certificaciones-de-learning-trade-center-of-florida\/","title":{"rendered":"Certificaciones de Learning Trade Center of Florida"},"content":{"rendered":"\n<div class=\"wp-block-uagb-container uagb-block-65cf4fe0 alignfull uagb-is-root-container\"><div class=\"uagb-container-inner-blocks-wrap\">\n<div class=\"wp-block-uagb-info-box uagb-block-a49e4be7 uagb-infobox__content-wrap  uagb-infobox-icon-above-title uagb-infobox-image-valign-top\"><div class=\"uagb-ifb-content\"><div class=\"uagb-ifb-title-wrap\"><h1 class=\"uagb-ifb-title\"><strong>Certificaciones de Learning Trade Center of Florida<\/strong><\/h1><\/div><\/div><\/div>\n<\/div><\/div>\n\n\n\n<div class=\"wp-block-uagb-container uagb-block-df637cf7 alignfull uagb-is-root-container\"><div class=\"uagb-container-inner-blocks-wrap\">\n<p>Las <strong>certificaciones emitidas por Learning Trade Center of Florida<\/strong> incluyen la <strong>versi\u00f3n digital<\/strong> sin costo adicional para todos los <strong>alumnos activos<\/strong>.<\/p>\n\n\n\n<p>Los <strong>certificados impresos (f\u00edsicos)<\/strong> y el <strong>env\u00edo de la licencia EPA<\/strong> est\u00e1n disponibles <strong><mark style=\"background-color:rgba(0, 0, 0, 0)\" class=\"has-inline-color has-ast-global-color-0-color\">exclusivamente para estudiantes mensualizados<\/mark><\/strong>, aplicando los siguientes cargos:<\/p>\n\n\n\n<figure class=\"wp-block-table aligncenter is-style-regular has-medium-font-size\"><table class=\"has-fixed-layout\"><tbody><tr><td class=\"has-text-align-center\" data-align=\"center\"><strong><strong><strong>Certificado impreso<\/strong><\/strong><\/strong><\/td><td class=\"has-text-align-center\" data-align=\"center\"><strong><mark style=\"background-color:rgba(0, 0, 0, 0)\" class=\"has-inline-color has-ast-global-color-0-color\">USD 49.99<\/mark><\/strong><\/td><\/tr><tr><td class=\"has-text-align-center\" data-align=\"center\"><strong><strong><strong>Env\u00edo de la licencia EPA<\/strong><\/strong><\/strong><\/td><td class=\"has-text-align-center\" data-align=\"center\"><strong><mark style=\"background-color:rgba(0, 0, 0, 0)\" class=\"has-inline-color has-ast-global-color-0-color\">USD 9.99<\/mark><\/strong><\/td><\/tr><\/tbody><\/table><\/figure>\n\n\n\n<p>\ud83d\udce6 <em>Estos costos corresponden \u00fanicamente a la emisi\u00f3n del certificado impreso y al env\u00edo de la licencia EPA. La versi\u00f3n digital del certificado se entrega de manera gratuita.<\/em><\/p>\n<\/div><\/div>\n\n\n\n<div class=\"wp-block-uagb-container uagb-block-6703e588 alignfull uagb-is-root-container\">\n<figure class=\"wp-block-gallery has-nested-images columns-4 is-cropped wp-block-gallery-1 is-layout-flex wp-block-gallery-is-layout-flex\">\n<figure class=\"wp-block-image size-large\"><img loading=\"lazy\" decoding=\"async\" width=\"1024\" height=\"724\" data-id=\"10549\" src=\"http:\/\/learningtcf.com\/wp-content\/uploads\/2024\/08\/Full-HVAC-Technician-Course-con-marca-de-agua-1024x724.jpg\" alt=\"\" class=\"wp-image-10549\" srcset=\"https:\/\/learningtcf.com\/wp-content\/uploads\/2024\/08\/Full-HVAC-Technician-Course-con-marca-de-agua-1024x724.jpg 1024w, https:\/\/learningtcf.com\/wp-content\/uploads\/2024\/08\/Full-HVAC-Technician-Course-con-marca-de-agua-300x212.jpg 300w, https:\/\/learningtcf.com\/wp-content\/uploads\/2024\/08\/Full-HVAC-Technician-Course-con-marca-de-agua-768x543.jpg 768w, https:\/\/learningtcf.com\/wp-content\/uploads\/2024\/08\/Full-HVAC-Technician-Course-con-marca-de-agua-100x71.jpg 100w, https:\/\/learningtcf.com\/wp-content\/uploads\/2024\/08\/Full-HVAC-Technician-Course-con-marca-de-agua-600x424.jpg 600w, https:\/\/learningtcf.com\/wp-content\/uploads\/2024\/08\/Full-HVAC-Technician-Course-con-marca-de-agua.jpg 1200w\" sizes=\"auto, (max-width: 1024px) 100vw, 1024px\" \/><\/figure>\n\n\n\n<figure class=\"wp-block-image size-large\"><img loading=\"lazy\" decoding=\"async\" width=\"1024\" height=\"724\" data-id=\"10560\" src=\"http:\/\/learningtcf.com\/wp-content\/uploads\/2025\/07\/Safe-Handling-of-A2L-Flammable-Refrigerants-con-marca-de-agua-1024x724.jpg\" alt=\"\" class=\"wp-image-10560\" srcset=\"https:\/\/learningtcf.com\/wp-content\/uploads\/2025\/07\/Safe-Handling-of-A2L-Flammable-Refrigerants-con-marca-de-agua-1024x724.jpg 1024w, https:\/\/learningtcf.com\/wp-content\/uploads\/2025\/07\/Safe-Handling-of-A2L-Flammable-Refrigerants-con-marca-de-agua-300x212.jpg 300w, https:\/\/learningtcf.com\/wp-content\/uploads\/2025\/07\/Safe-Handling-of-A2L-Flammable-Refrigerants-con-marca-de-agua-768x543.jpg 768w, https:\/\/learningtcf.com\/wp-content\/uploads\/2025\/07\/Safe-Handling-of-A2L-Flammable-Refrigerants-con-marca-de-agua-100x71.jpg 100w, https:\/\/learningtcf.com\/wp-content\/uploads\/2025\/07\/Safe-Handling-of-A2L-Flammable-Refrigerants-con-marca-de-agua-600x424.jpg 600w, https:\/\/learningtcf.com\/wp-content\/uploads\/2025\/07\/Safe-Handling-of-A2L-Flammable-Refrigerants-con-marca-de-agua.jpg 1200w\" sizes=\"auto, (max-width: 1024px) 100vw, 1024px\" \/><\/figure>\n\n\n\n<figure class=\"wp-block-image size-large\"><img loading=\"lazy\" decoding=\"async\" width=\"1024\" height=\"724\" data-id=\"10557\" src=\"http:\/\/learningtcf.com\/wp-content\/uploads\/2025\/07\/Manejo-Seguro-de-Refrigerantes-Inflamables-A2L-con-marca-de-agua-1024x724.jpg\" alt=\"\" class=\"wp-image-10557\" srcset=\"https:\/\/learningtcf.com\/wp-content\/uploads\/2025\/07\/Manejo-Seguro-de-Refrigerantes-Inflamables-A2L-con-marca-de-agua-1024x724.jpg 1024w, https:\/\/learningtcf.com\/wp-content\/uploads\/2025\/07\/Manejo-Seguro-de-Refrigerantes-Inflamables-A2L-con-marca-de-agua-300x212.jpg 300w, https:\/\/learningtcf.com\/wp-content\/uploads\/2025\/07\/Manejo-Seguro-de-Refrigerantes-Inflamables-A2L-con-marca-de-agua-768x543.jpg 768w, https:\/\/learningtcf.com\/wp-content\/uploads\/2025\/07\/Manejo-Seguro-de-Refrigerantes-Inflamables-A2L-con-marca-de-agua-100x71.jpg 100w, https:\/\/learningtcf.com\/wp-content\/uploads\/2025\/07\/Manejo-Seguro-de-Refrigerantes-Inflamables-A2L-con-marca-de-agua-600x424.jpg 600w, https:\/\/learningtcf.com\/wp-content\/uploads\/2025\/07\/Manejo-Seguro-de-Refrigerantes-Inflamables-A2L-con-marca-de-agua.jpg 1200w\" sizes=\"auto, (max-width: 1024px) 100vw, 1024px\" \/><\/figure>\n\n\n\n<figure class=\"wp-block-image size-large\"><img loading=\"lazy\" decoding=\"async\" width=\"1024\" height=\"724\" data-id=\"10552\" src=\"http:\/\/learningtcf.com\/wp-content\/uploads\/2025\/06\/Curso-Completo-Tecnico-HVACcon-marca-de-agua-1024x724.jpg\" alt=\"\" class=\"wp-image-10552\" srcset=\"https:\/\/learningtcf.com\/wp-content\/uploads\/2025\/06\/Curso-Completo-Tecnico-HVACcon-marca-de-agua-1024x724.jpg 1024w, https:\/\/learningtcf.com\/wp-content\/uploads\/2025\/06\/Curso-Completo-Tecnico-HVACcon-marca-de-agua-300x212.jpg 300w, https:\/\/learningtcf.com\/wp-content\/uploads\/2025\/06\/Curso-Completo-Tecnico-HVACcon-marca-de-agua-768x543.jpg 768w, https:\/\/learningtcf.com\/wp-content\/uploads\/2025\/06\/Curso-Completo-Tecnico-HVACcon-marca-de-agua-100x71.jpg 100w, https:\/\/learningtcf.com\/wp-content\/uploads\/2025\/06\/Curso-Completo-Tecnico-HVACcon-marca-de-agua-600x424.jpg 600w, https:\/\/learningtcf.com\/wp-content\/uploads\/2025\/06\/Curso-Completo-Tecnico-HVACcon-marca-de-agua.jpg 1200w\" sizes=\"auto, (max-width: 1024px) 100vw, 1024px\" \/><\/figure>\n<\/figure>\n<\/div>\n\n\n\n<div class=\"wp-block-uagb-container uagb-block-f4c32ff7 alignfull uagb-is-root-container\"><div class=\"uagb-container-inner-blocks-wrap\">\n<p>Los alumnos que realizaron el <strong>pago completo del curso<\/strong> recibir\u00e1n su <strong>certificaci\u00f3n digital e impresa<\/strong>, as\u00ed como la <strong>licencia EPA y su env\u00edo<\/strong>, <strong><mark style=\"background-color:rgba(0, 0, 0, 0)\" class=\"has-inline-color has-ast-global-color-0-color\">sin costo adicional<\/mark><\/strong>, <strong>ya que vienen incluidas con este paquete<\/strong>.<\/p>\n\n\n\n<p>\u26a0\ufe0f <strong>Nota importante:<\/strong><br>&nbsp;<em>Las certificaciones (digitales o impresas) solo ser\u00e1n emitidas y enviadas a los alumnos que hayan culminado satisfactoriamente el curso. En caso de cursos no terminados, la solicitud ser\u00e1 rechazada.<\/em><\/p>\n<\/div><\/div>\n","protected":false},"excerpt":{"rendered":"<p>Las certificaciones emitidas por Learning Trade Center of Florida incluyen la versi\u00f3n digital sin costo adicional para todos los alumnos activos. Los certificados impresos (f\u00edsicos) y el env\u00edo de la licencia EPA est\u00e1n disponibles exclusivamente para estudiantes mensualizados, aplicando los siguientes cargos: Certificado impreso USD 49.99 Env\u00edo de la licencia EPA USD 9.99 \ud83d\udce6 Estos [&hellip;]<\/p>\n","protected":false},"author":1,"featured_media":0,"parent":0,"menu_order":0,"comment_status":"closed","ping_status":"closed","template":"","meta":{"_uag_custom_page_level_css":"","site-sidebar-layout":"default","site-content-layout":"","ast-site-content-layout":"full-width-container","site-content-style":"unboxed","site-sidebar-style":"default","ast-global-header-display":"","ast-banner-title-visibility":"","ast-main-header-display":"","ast-hfb-above-header-display":"","ast-hfb-below-header-display":"","ast-hfb-mobile-header-display":"","site-post-title":"disabled","ast-breadcrumbs-content":"","ast-featured-img":"","footer-sml-layout":"","ast-disable-related-posts":"","theme-transparent-header-meta":"enabled","adv-header-id-meta":"","stick-header-meta":"","header-above-stick-meta":"","header-main-stick-meta":"","header-below-stick-meta":"","astra-migrate-meta-layouts":"set","ast-page-background-enabled":"default","ast-page-background-meta":{"desktop":{"background-color":"","background-image":"","background-repeat":"repeat","background-position":"center center","background-size":"auto","background-attachment":"scroll","background-type":"","background-media":"","overlay-type":"","overlay-color":"","overlay-opacity":"","overlay-gradient":""},"tablet":{"background-color":"","background-image":"","background-repeat":"repeat","background-position":"center center","background-size":"auto","background-attachment":"scroll","background-type":"","background-media":"","overlay-type":"","overlay-color":"","overlay-opacity":"","overlay-gradient":""},"mobile":{"background-color":"","background-image":"","background-repeat":"repeat","background-position":"center center","background-size":"auto","background-attachment":"scroll","background-type":"","background-media":"","overlay-type":"","overlay-color":"","overlay-opacity":"","overlay-gradient":""}},"ast-content-background-meta":{"desktop":{"background-color":"var(--ast-global-color-5)","background-image":"","background-repeat":"repeat","background-position":"center center","background-size":"auto","background-attachment":"scroll","background-type":"","background-media":"","overlay-type":"","overlay-color":"","overlay-opacity":"","overlay-gradient":""},"tablet":{"background-color":"var(--ast-global-color-5)","background-image":"","background-repeat":"repeat","background-position":"center center","background-size":"auto","background-attachment":"scroll","background-type":"","background-media":"","overlay-type":"","overlay-color":"","overlay-opacity":"","overlay-gradient":""},"mobile":{"background-color":"var(--ast-global-color-5)","background-image":"","background-repeat":"repeat","background-position":"center center","background-size":"auto","background-attachment":"scroll","background-type":"","background-media":"","overlay-type":"","overlay-color":"","overlay-opacity":"","overlay-gradient":""}},"footnotes":""},"class_list":["post-10580","page","type-page","status-publish","hentry"],"yoast_head":"<!-- This site is optimized with the Yoast SEO plugin v27.4 - https:\/\/yoast.com\/product\/yoast-seo-wordpress\/ -->\n<title>Certificaciones de Learning Trade Center of Florida - Learning Trade Center of Florida<\/title>\n<meta name=\"robots\" content=\"index, follow, max-snippet:-1, max-image-preview:large, max-video-preview:-1\" \/>\n<link rel=\"canonical\" href=\"https:\/\/learningtcf.com\/es\/certificaciones-de-learning-trade-center-of-florida\/\" \/>\n<meta property=\"og:locale\" content=\"es_ES\" \/>\n<meta property=\"og:type\" content=\"article\" \/>\n<meta property=\"og:title\" content=\"Certificaciones de Learning Trade Center of Florida - Learning Trade Center of Florida\" \/>\n<meta property=\"og:description\" content=\"Las certificaciones emitidas por Learning Trade Center of Florida incluyen la versi\u00f3n digital sin costo adicional para todos los alumnos activos. Los certificados impresos (f\u00edsicos) y el env\u00edo de la licencia EPA est\u00e1n disponibles exclusivamente para estudiantes mensualizados, aplicando los siguientes cargos: Certificado impreso USD 49.99 Env\u00edo de la licencia EPA USD 9.99 \ud83d\udce6 Estos [&hellip;]\" \/>\n<meta property=\"og:url\" content=\"https:\/\/learningtcf.com\/es\/certificaciones-de-learning-trade-center-of-florida\/\" \/>\n<meta property=\"og:site_name\" content=\"Learning Trade Center of Florida\" \/>\n<meta property=\"article:publisher\" content=\"https:\/\/www.facebook.com\/profile.php?id=61567326235285\" \/>\n<meta property=\"article:modified_time\" content=\"2025-11-04T12:02:19+00:00\" \/>\n<meta property=\"og:image\" content=\"http:\/\/learningtcf.com\/wp-content\/uploads\/2024\/08\/Full-HVAC-Technician-Course-con-marca-de-agua-1024x724.jpg\" \/>\n<meta name=\"twitter:card\" content=\"summary_large_image\" \/>\n<meta name=\"twitter:label1\" content=\"Tiempo de lectura\" \/>\n\t<meta name=\"twitter:data1\" content=\"2 minutos\" \/>\n<script type=\"application\/ld+json\" class=\"yoast-schema-graph\">{\"@context\":\"https:\\\/\\\/schema.org\",\"@graph\":[{\"@type\":\"WebPage\",\"@id\":\"https:\\\/\\\/learningtcf.com\\\/es\\\/certificaciones-de-learning-trade-center-of-florida\\\/\",\"url\":\"https:\\\/\\\/learningtcf.com\\\/es\\\/certificaciones-de-learning-trade-center-of-florida\\\/\",\"name\":\"Certificaciones de Learning Trade Center of Florida - Learning Trade Center of Florida\",\"isPartOf\":{\"@id\":\"https:\\\/\\\/learningtcf.com\\\/es\\\/#website\"},\"primaryImageOfPage\":{\"@id\":\"https:\\\/\\\/learningtcf.com\\\/es\\\/certificaciones-de-learning-trade-center-of-florida\\\/#primaryimage\"},\"image\":{\"@id\":\"https:\\\/\\\/learningtcf.com\\\/es\\\/certificaciones-de-learning-trade-center-of-florida\\\/#primaryimage\"},\"thumbnailUrl\":\"http:\\\/\\\/learningtcf.com\\\/wp-content\\\/uploads\\\/2024\\\/08\\\/Full-HVAC-Technician-Course-con-marca-de-agua-1024x724.jpg\",\"datePublished\":\"2025-11-04T11:41:35+00:00\",\"dateModified\":\"2025-11-04T12:02:19+00:00\",\"breadcrumb\":{\"@id\":\"https:\\\/\\\/learningtcf.com\\\/es\\\/certificaciones-de-learning-trade-center-of-florida\\\/#breadcrumb\"},\"inLanguage\":\"es\",\"potentialAction\":[{\"@type\":\"ReadAction\",\"target\":[\"https:\\\/\\\/learningtcf.com\\\/es\\\/certificaciones-de-learning-trade-center-of-florida\\\/\"]}]},{\"@type\":\"ImageObject\",\"inLanguage\":\"es\",\"@id\":\"https:\\\/\\\/learningtcf.com\\\/es\\\/certificaciones-de-learning-trade-center-of-florida\\\/#primaryimage\",\"url\":\"http:\\\/\\\/learningtcf.com\\\/wp-content\\\/uploads\\\/2024\\\/08\\\/Full-HVAC-Technician-Course-con-marca-de-agua-1024x724.jpg\",\"contentUrl\":\"http:\\\/\\\/learningtcf.com\\\/wp-content\\\/uploads\\\/2024\\\/08\\\/Full-HVAC-Technician-Course-con-marca-de-agua-1024x724.jpg\"},{\"@type\":\"BreadcrumbList\",\"@id\":\"https:\\\/\\\/learningtcf.com\\\/es\\\/certificaciones-de-learning-trade-center-of-florida\\\/#breadcrumb\",\"itemListElement\":[{\"@type\":\"ListItem\",\"position\":1,\"name\":\"Home\",\"item\":\"https:\\\/\\\/learningtcf.com\\\/es\\\/\"},{\"@type\":\"ListItem\",\"position\":2,\"name\":\"Certificaciones de Learning Trade Center of Florida\"}]},{\"@type\":\"WebSite\",\"@id\":\"https:\\\/\\\/learningtcf.com\\\/es\\\/#website\",\"url\":\"https:\\\/\\\/learningtcf.com\\\/es\\\/\",\"name\":\"Learning Trade Center of Florida\",\"description\":\"\",\"publisher\":{\"@id\":\"https:\\\/\\\/learningtcf.com\\\/es\\\/#organization\"},\"potentialAction\":[{\"@type\":\"SearchAction\",\"target\":{\"@type\":\"EntryPoint\",\"urlTemplate\":\"https:\\\/\\\/learningtcf.com\\\/es\\\/?s={search_term_string}\"},\"query-input\":{\"@type\":\"PropertyValueSpecification\",\"valueRequired\":true,\"valueName\":\"search_term_string\"}}],\"inLanguage\":\"es\"},{\"@type\":\"Organization\",\"@id\":\"https:\\\/\\\/learningtcf.com\\\/es\\\/#organization\",\"name\":\"Learning Trade Center of Florida\",\"url\":\"https:\\\/\\\/learningtcf.com\\\/es\\\/\",\"logo\":{\"@type\":\"ImageObject\",\"inLanguage\":\"es\",\"@id\":\"https:\\\/\\\/learningtcf.com\\\/es\\\/#\\\/schema\\\/logo\\\/image\\\/\",\"url\":\"https:\\\/\\\/learningtcf.com\\\/wp-content\\\/uploads\\\/2024\\\/08\\\/Logo-extra-small-PNG.png\",\"contentUrl\":\"https:\\\/\\\/learningtcf.com\\\/wp-content\\\/uploads\\\/2024\\\/08\\\/Logo-extra-small-PNG.png\",\"width\":90,\"height\":105,\"caption\":\"Learning Trade Center of Florida\"},\"image\":{\"@id\":\"https:\\\/\\\/learningtcf.com\\\/es\\\/#\\\/schema\\\/logo\\\/image\\\/\"},\"sameAs\":[\"https:\\\/\\\/www.facebook.com\\\/profile.php?id=61567326235285\",\"https:\\\/\\\/www.instagram.com\\\/learningtcflorida\\\/\"]}]}<\/script>\n<!-- \/ Yoast SEO plugin. -->","yoast_head_json":{"title":"Certificaciones de Learning Trade Center of Florida - Learning Trade Center of Florida","robots":{"index":"index","follow":"follow","max-snippet":"max-snippet:-1","max-image-preview":"max-image-preview:large","max-video-preview":"max-video-preview:-1"},"canonical":"https:\/\/learningtcf.com\/es\/certificaciones-de-learning-trade-center-of-florida\/","og_locale":"es_ES","og_type":"article","og_title":"Certificaciones de Learning Trade Center of Florida - Learning Trade Center of Florida","og_description":"Las certificaciones emitidas por Learning Trade Center of Florida incluyen la versi\u00f3n digital sin costo adicional para todos los alumnos activos. Los certificados impresos (f\u00edsicos) y el env\u00edo de la licencia EPA est\u00e1n disponibles exclusivamente para estudiantes mensualizados, aplicando los siguientes cargos: Certificado impreso USD 49.99 Env\u00edo de la licencia EPA USD 9.99 \ud83d\udce6 Estos [&hellip;]","og_url":"https:\/\/learningtcf.com\/es\/certificaciones-de-learning-trade-center-of-florida\/","og_site_name":"Learning Trade Center of Florida","article_publisher":"https:\/\/www.facebook.com\/profile.php?id=61567326235285","article_modified_time":"2025-11-04T12:02:19+00:00","og_image":[{"url":"http:\/\/learningtcf.com\/wp-content\/uploads\/2024\/08\/Full-HVAC-Technician-Course-con-marca-de-agua-1024x724.jpg","type":"","width":"","height":""}],"twitter_card":"summary_large_image","twitter_misc":{"Tiempo de lectura":"2 minutos"},"schema":{"@context":"https:\/\/schema.org","@graph":[{"@type":"WebPage","@id":"https:\/\/learningtcf.com\/es\/certificaciones-de-learning-trade-center-of-florida\/","url":"https:\/\/learningtcf.com\/es\/certificaciones-de-learning-trade-center-of-florida\/","name":"Certificaciones de Learning Trade Center of Florida - Learning Trade Center of Florida","isPartOf":{"@id":"https:\/\/learningtcf.com\/es\/#website"},"primaryImageOfPage":{"@id":"https:\/\/learningtcf.com\/es\/certificaciones-de-learning-trade-center-of-florida\/#primaryimage"},"image":{"@id":"https:\/\/learningtcf.com\/es\/certificaciones-de-learning-trade-center-of-florida\/#primaryimage"},"thumbnailUrl":"http:\/\/learningtcf.com\/wp-content\/uploads\/2024\/08\/Full-HVAC-Technician-Course-con-marca-de-agua-1024x724.jpg","datePublished":"2025-11-04T11:41:35+00:00","dateModified":"2025-11-04T12:02:19+00:00","breadcrumb":{"@id":"https:\/\/learningtcf.com\/es\/certificaciones-de-learning-trade-center-of-florida\/#breadcrumb"},"inLanguage":"es","potentialAction":[{"@type":"ReadAction","target":["https:\/\/learningtcf.com\/es\/certificaciones-de-learning-trade-center-of-florida\/"]}]},{"@type":"ImageObject","inLanguage":"es","@id":"https:\/\/learningtcf.com\/es\/certificaciones-de-learning-trade-center-of-florida\/#primaryimage","url":"http:\/\/learningtcf.com\/wp-content\/uploads\/2024\/08\/Full-HVAC-Technician-Course-con-marca-de-agua-1024x724.jpg","contentUrl":"http:\/\/learningtcf.com\/wp-content\/uploads\/2024\/08\/Full-HVAC-Technician-Course-con-marca-de-agua-1024x724.jpg"},{"@type":"BreadcrumbList","@id":"https:\/\/learningtcf.com\/es\/certificaciones-de-learning-trade-center-of-florida\/#breadcrumb","itemListElement":[{"@type":"ListItem","position":1,"name":"Home","item":"https:\/\/learningtcf.com\/es\/"},{"@type":"ListItem","position":2,"name":"Certificaciones de Learning Trade Center of Florida"}]},{"@type":"WebSite","@id":"https:\/\/learningtcf.com\/es\/#website","url":"https:\/\/learningtcf.com\/es\/","name":"Learning Trade Center of Florida","description":"","publisher":{"@id":"https:\/\/learningtcf.com\/es\/#organization"},"potentialAction":[{"@type":"SearchAction","target":{"@type":"EntryPoint","urlTemplate":"https:\/\/learningtcf.com\/es\/?s={search_term_string}"},"query-input":{"@type":"PropertyValueSpecification","valueRequired":true,"valueName":"search_term_string"}}],"inLanguage":"es"},{"@type":"Organization","@id":"https:\/\/learningtcf.com\/es\/#organization","name":"Learning Trade Center of Florida","url":"https:\/\/learningtcf.com\/es\/","logo":{"@type":"ImageObject","inLanguage":"es","@id":"https:\/\/learningtcf.com\/es\/#\/schema\/logo\/image\/","url":"https:\/\/learningtcf.com\/wp-content\/uploads\/2024\/08\/Logo-extra-small-PNG.png","contentUrl":"https:\/\/learningtcf.com\/wp-content\/uploads\/2024\/08\/Logo-extra-small-PNG.png","width":90,"height":105,"caption":"Learning Trade Center of Florida"},"image":{"@id":"https:\/\/learningtcf.com\/es\/#\/schema\/logo\/image\/"},"sameAs":["https:\/\/www.facebook.com\/profile.php?id=61567326235285","https:\/\/www.instagram.com\/learningtcflorida\/"]}]}},"uagb_featured_image_src":{"full":false,"thumbnail":false,"medium":false,"medium_large":false,"large":false,"course_archive_thumbnail":false,"course_single_thumbnail":false,"lesson_archive_thumbnail":false,"lesson_single_thumbnail":false,"1536x1536":false,"2048x2048":false,"woocommerce_thumbnail":false,"woocommerce_single":false,"woocommerce_gallery_thumbnail":false},"uagb_author_info":{"display_name":"masterbip","author_link":"https:\/\/learningtcf.com\/es\/author\/masterbip\/"},"uagb_comment_info":0,"uagb_excerpt":"Las certificaciones emitidas por Learning Trade Center of Florida incluyen la versi\u00f3n digital sin costo adicional para todos los alumnos activos. Los certificados impresos (f\u00edsicos) y el env\u00edo de la licencia EPA est\u00e1n disponibles exclusivamente para estudiantes mensualizados, aplicando los siguientes cargos: Certificado impreso USD 49.99 Env\u00edo de la licencia EPA USD 9.99 \ud83d\udce6 Estos&hellip;","_links":{"self":[{"href":"https:\/\/learningtcf.com\/es\/wp-json\/wp\/v2\/pages\/10580","targetHints":{"allow":["GET"]}}],"collection":[{"href":"https:\/\/learningtcf.com\/es\/wp-json\/wp\/v2\/pages"}],"about":[{"href":"https:\/\/learningtcf.com\/es\/wp-json\/wp\/v2\/types\/page"}],"author":[{"embeddable":true,"href":"https:\/\/learningtcf.com\/es\/wp-json\/wp\/v2\/users\/1"}],"replies":[{"embeddable":true,"href":"https:\/\/learningtcf.com\/es\/wp-json\/wp\/v2\/comments?post=10580"}],"version-history":[{"count":1,"href":"https:\/\/learningtcf.com\/es\/wp-json\/wp\/v2\/pages\/10580\/revisions"}],"predecessor-version":[{"id":10581,"href":"https:\/\/learningtcf.com\/es\/wp-json\/wp\/v2\/pages\/10580\/revisions\/10581"}],"wp:attachment":[{"href":"https:\/\/learningtcf.com\/es\/wp-json\/wp\/v2\/media?parent=10580"}],"curies":[{"name":"wp","href":"https:\/\/api.w.org\/{rel}","templated":true}]}}